{"id":45,"date":"2013-10-24T00:06:40","date_gmt":"2013-10-23T22:06:40","guid":{"rendered":"http:\/\/apartman-slunecna.cz\/?page_id=45"},"modified":"2020-11-26T21:31:52","modified_gmt":"2020-11-26T19:31:52","slug":"aktivity","status":"publish","type":"page","link":"http:\/\/apartman-slunecna.cz\/?page_id=45","title":{"rendered":"Aktivity"},"content":{"rendered":"<p><strong>Zimn\u00ed sezona<\/strong><\/p>\n<ul>\n<li><a title=\"Skipark Mlad\u00e9 Buky\" href=\"http:\/\/www.kudyznudy.cz\/Aktivity-a-akce\/Aktivity\/Skipark-Mlade-Buky.aspx\" target=\"_blank\" rel=\"noopener noreferrer\">Skipark Mlad\u00e9 Buky<\/a><\/li>\n<li><a title=\"SkiResort Pec pod Sn\u011b\u017ekou\" href=\"https:\/\/www.skiresort.cz\/\" target=\"_blank\" rel=\"noopener noreferrer\">SkiResort Pec pod Sn\u011b\u017ekou &#8211; \u010cern\u00e1 Hora<\/a><\/li>\n<\/ul>\n<p><strong>Letn\u00ed sezona<\/strong><\/p>\n<ul>\n<li><a title=\"Bike Park Mlad\u00e9 Buky\" href=\"https:\/\/www.areal-mladebuky.cz\/cs\/balduv-svet\" target=\"_blank\" rel=\"noopener noreferrer\">Bald\u016fv Sv\u011bt Mlad\u00e9 Buky<\/a><\/li>\n<li><a title=\"Golf Club Mlad\u00e9 Buky\" href=\"http:\/\/www.mladebuky.com\/\" target=\"_blank\" rel=\"noopener noreferrer\">Golf Club Mlad\u00e9 Buky<\/a><\/li>\n<\/ul>\n<p><strong>Tipy na v\u00fdlety<\/strong><\/p>\n<ul>\n<li><a title=\"ZOO Dv\u016fr Kr\u00e1lov\u00e9\" href=\"http:\/\/www.zoodvurkralove.cz\/cs\/\" target=\"_blank\" rel=\"noopener noreferrer\">ZOO Dv\u016fr Kr\u00e1lov\u00e9<\/a><\/li>\n<li><a title=\"Adr\u0161pachsk\u00e9 sk\u00e1ly\" href=\"https:\/\/www.skalyadrspach.cz\/\" target=\"_blank\" rel=\"noopener noreferrer\">Adr\u0161pa\u0161sk\u00e9 sk\u00e1ly<\/a><\/li>\n<li><a title=\"Velk\u00e1 \u00dapa - Pec pod Sn\u011b\u017ekou\" href=\"http:\/\/www.pecpodsnezkou-velkaupa.cz\/cz\/leto\/tipy-na-vylety\/\" target=\"_blank\" rel=\"noopener noreferrer\">Velk\u00e1 \u00dapa &#8211; Pec pod Sn\u011b\u017ekou<\/a><\/li>\n<\/ul>\n<p><strong>&nbsp;Kultura<\/strong><\/p>\n<ul>\n<li><a title=\"UFFO Spole\u010densk\u00e9 centrum Trutnov\" href=\"http:\/\/www.uffo.cz\/\" target=\"_blank\" rel=\"noopener noreferrer\">UFFO Spole\u010densk\u00e9 centrum Trutnov<\/a><\/li>\n<\/ul>\n\n\n<p><\/p>\n","protected":false},"excerpt":{"rendered":"<p>Zimn\u00ed sezona Skipark Mlad\u00e9 Buky SkiResort Pec pod Sn\u011b\u017ekou &#8211; \u010cern\u00e1 Hora Letn\u00ed sezona Bald\u016fv Sv\u011bt Mlad\u00e9 Buky Golf Club Mlad\u00e9 Buky Tipy na v\u00fdlety ZOO Dv\u016fr Kr\u00e1lov\u00e9 Adr\u0161pa\u0161sk\u00e9 sk\u00e1ly Velk\u00e1 \u00dapa &#8211; Pec pod Sn\u011b\u017ekou &nbsp;Kultura UFFO Spole\u010densk\u00e9 centrum Trutnov<\/p>\n","protected":false},"author":1,"featured_media":0,"parent":0,"menu_order":1,"comment_status":"closed","ping_status":"closed","template":"","meta":{"ngg_post_thumbnail":0},"_links":{"self":[{"href":"http:\/\/apartman-slunecna.cz\/index.php?rest_route=\/wp\/v2\/pages\/45"}],"collection":[{"href":"http:\/\/apartman-slunecna.cz\/index.php?rest_route=\/wp\/v2\/pages"}],"about":[{"href":"http:\/\/apartman-slunecna.cz\/index.php?rest_route=\/wp\/v2\/types\/page"}],"author":[{"embeddable":true,"href":"http:\/\/apartman-slunecna.cz\/index.php?rest_route=\/wp\/v2\/users\/1"}],"replies":[{"embeddable":true,"href":"http:\/\/apartman-slunecna.cz\/index.php?rest_route=%2Fwp%2Fv2%2Fcomments&post=45"}],"version-history":[{"count":29,"href":"http:\/\/apartman-slunecna.cz\/index.php?rest_route=\/wp\/v2\/pages\/45\/revisions"}],"predecessor-version":[{"id":374,"href":"http:\/\/apartman-slunecna.cz\/index.php?rest_route=\/wp\/v2\/pages\/45\/revisions\/374"}],"wp:attachment":[{"href":"http:\/\/apartman-slunecna.cz\/index.php?rest_route=%2Fwp%2Fv2%2Fmedia&parent=45"}],"curies":[{"name":"wp","href":"https:\/\/api.w.org\/{rel}","templated":true}]}}