{"id":41,"date":"2013-10-24T00:04:31","date_gmt":"2013-10-23T22:04:31","guid":{"rendered":"http:\/\/apartman-slunecna.cz\/?page_id=41"},"modified":"2019-12-25T20:40:03","modified_gmt":"2019-12-25T18:40:03","slug":"galerie-2","status":"publish","type":"page","link":"http:\/\/apartman-slunecna.cz\/?page_id=41","title":{"rendered":"Galerie"},"content":{"rendered":"<!-- index.php -->\n<div\n\tclass=\"ngg-galleryoverview ngg-ajax-pagination-none\"\n\tid=\"ngg-gallery-dbc17a809e46ca121594ff61d50293dc-1\">\n\n    \t\t<!-- Thumbnails -->\n\t\t\t\t<div id=\"ngg-image-0\" class=\"ngg-gallery-thumbnail-box\" >\n\t\t\t\t        <div class=\"ngg-gallery-thumbnail\">\n            <a href=\"http:\/\/apartman-slunecna.cz\/wp-content\/gallery\/as\/45.jpg\"\n               title=\"\"\n               data-src=\"http:\/\/apartman-slunecna.cz\/wp-content\/gallery\/as\/45.jpg\"\n               data-thumbnail=\"http:\/\/apartman-slunecna.cz\/wp-content\/gallery\/as\/thumbs\/thumbs_45.jpg\"\n               data-image-id=\"45\"\n               data-title=\"Apartm\u00e1n Slune\u010dn\u00e1\"\n               data-description=\"\"\n               data-image-slug=\"apartman-slunecna-26\"\n               class=\"ngg-fancybox\" rel=\"dbc17a809e46ca121594ff61d50293dc\">\n                <img\n                    title=\"Apartm\u00e1n Slune\u010dn\u00e1\"\n                    alt=\"Apartm\u00e1n Slune\u010dn\u00e1\"\n                    src=\"http:\/\/apartman-slunecna.cz\/wp-content\/gallery\/as\/cache\/45.jpg-nggid0245-ngg0dyn-120x90x100-00f0w010c011r110f110r010t010.jpg\"\n                    width=\"120\"\n                    height=\"90\"\n                    style=\"max-width:100%;\"\n                \/>\n            <\/a>\n        <\/div>\n\t\t\t\t\t\t\t<\/div> \n\t\t\t\n                            \n\t\t\t\t<div id=\"ngg-image-1\" class=\"ngg-gallery-thumbnail-box\" >\n\t\t\t\t        <div class=\"ngg-gallery-thumbnail\">\n            <a href=\"http:\/\/apartman-slunecna.cz\/wp-content\/gallery\/as\/dsc_0002.jpg\"\n               title=\"\"\n               data-src=\"http:\/\/apartman-slunecna.cz\/wp-content\/gallery\/as\/dsc_0002.jpg\"\n               data-thumbnail=\"http:\/\/apartman-slunecna.cz\/wp-content\/gallery\/as\/thumbs\/thumbs_dsc_0002.jpg\"\n               data-image-id=\"15\"\n               data-title=\"Apartm\u00e1n Slune\u010dn\u00e1\"\n               data-description=\"\"\n               data-image-slug=\"apartman-slunecna\"\n               class=\"ngg-fancybox\" rel=\"dbc17a809e46ca121594ff61d50293dc\">\n                <img\n                    title=\"Apartm\u00e1n Slune\u010dn\u00e1\"\n                    alt=\"Apartm\u00e1n Slune\u010dn\u00e1\"\n                    src=\"http:\/\/apartman-slunecna.cz\/wp-content\/gallery\/as\/cache\/dsc_0002.jpg-nggid0215-ngg0dyn-120x90x100-00f0w010c011r110f110r010t010.jpg\"\n                    width=\"120\"\n                    height=\"90\"\n                    style=\"max-width:100%;\"\n                \/>\n            <\/a>\n        <\/div>\n\t\t\t\t\t\t\t<\/div> \n\t\t\t\n                            \n\t\t\t\t<div id=\"ngg-image-2\" class=\"ngg-gallery-thumbnail-box\" >\n\t\t\t\t        <div class=\"ngg-gallery-thumbnail\">\n            <a href=\"http:\/\/apartman-slunecna.cz\/wp-content\/gallery\/as\/dsc_0025.jpg\"\n               title=\"\"\n               data-src=\"http:\/\/apartman-slunecna.cz\/wp-content\/gallery\/as\/dsc_0025.jpg\"\n               data-thumbnail=\"http:\/\/apartman-slunecna.cz\/wp-content\/gallery\/as\/thumbs\/thumbs_dsc_0025.jpg\"\n               data-image-id=\"6\"\n               data-title=\"Apartm\u00e1n Slune\u010dn\u00e1\"\n               data-description=\"\"\n               data-image-slug=\"apartman-slunecna-3\"\n               class=\"ngg-fancybox\" rel=\"dbc17a809e46ca121594ff61d50293dc\">\n                <img\n                    title=\"Apartm\u00e1n Slune\u010dn\u00e1\"\n                    alt=\"Apartm\u00e1n Slune\u010dn\u00e1\"\n                    src=\"http:\/\/apartman-slunecna.cz\/wp-content\/gallery\/as\/cache\/dsc_0025.jpg-nggid016-ngg0dyn-120x90x100-00f0w010c011r110f110r010t010.jpg\"\n                    width=\"120\"\n                    height=\"90\"\n                    style=\"max-width:100%;\"\n                \/>\n            <\/a>\n        <\/div>\n\t\t\t\t\t\t\t<\/div> \n\t\t\t\n                            \n\t\t\t\t<div id=\"ngg-image-3\" class=\"ngg-gallery-thumbnail-box\" >\n\t\t\t\t        <div class=\"ngg-gallery-thumbnail\">\n            <a href=\"http:\/\/apartman-slunecna.cz\/wp-content\/gallery\/as\/dsc_0020.jpg\"\n               title=\"\"\n               data-src=\"http:\/\/apartman-slunecna.cz\/wp-content\/gallery\/as\/dsc_0020.jpg\"\n               data-thumbnail=\"http:\/\/apartman-slunecna.cz\/wp-content\/gallery\/as\/thumbs\/thumbs_dsc_0020.jpg\"\n               data-image-id=\"2\"\n               data-title=\"Apartm\u00e1n Slune\u010dn\u00e1\"\n               data-description=\"\"\n               data-image-slug=\"apartman-slunecna-5\"\n               class=\"ngg-fancybox\" rel=\"dbc17a809e46ca121594ff61d50293dc\">\n                <img\n                    title=\"Apartm\u00e1n Slune\u010dn\u00e1\"\n                    alt=\"Apartm\u00e1n Slune\u010dn\u00e1\"\n                    src=\"http:\/\/apartman-slunecna.cz\/wp-content\/gallery\/as\/cache\/dsc_0020.jpg-nggid012-ngg0dyn-120x90x100-00f0w010c011r110f110r010t010.jpg\"\n                    width=\"120\"\n                    height=\"90\"\n                    style=\"max-width:100%;\"\n                \/>\n            <\/a>\n        <\/div>\n\t\t\t\t\t\t\t<\/div> \n\t\t\t\n                                    <br style=\"clear: both\" \/>\n                    \n\t\t\t\t<div id=\"ngg-image-4\" class=\"ngg-gallery-thumbnail-box\" >\n\t\t\t\t        <div class=\"ngg-gallery-thumbnail\">\n            <a href=\"http:\/\/apartman-slunecna.cz\/wp-content\/gallery\/as\/dsc_0045.jpg\"\n               title=\"\"\n               data-src=\"http:\/\/apartman-slunecna.cz\/wp-content\/gallery\/as\/dsc_0045.jpg\"\n               data-thumbnail=\"http:\/\/apartman-slunecna.cz\/wp-content\/gallery\/as\/thumbs\/thumbs_dsc_0045.jpg\"\n               data-image-id=\"41\"\n               data-title=\"Apartm\u00e1n Slune\u010dn\u00e1\"\n               data-description=\"\"\n               data-image-slug=\"apartman-slunecna-24\"\n               class=\"ngg-fancybox\" rel=\"dbc17a809e46ca121594ff61d50293dc\">\n                <img\n                    title=\"Apartm\u00e1n Slune\u010dn\u00e1\"\n                    alt=\"Apartm\u00e1n Slune\u010dn\u00e1\"\n                    src=\"http:\/\/apartman-slunecna.cz\/wp-content\/gallery\/as\/cache\/dsc_0045.jpg-nggid0241-ngg0dyn-120x90x100-00f0w010c011r110f110r010t010.jpg\"\n                    width=\"120\"\n                    height=\"90\"\n                    style=\"max-width:100%;\"\n                \/>\n            <\/a>\n        <\/div>\n\t\t\t\t\t\t\t<\/div> \n\t\t\t\n                            \n\t\t\t\t<div id=\"ngg-image-5\" class=\"ngg-gallery-thumbnail-box\" >\n\t\t\t\t        <div class=\"ngg-gallery-thumbnail\">\n            <a href=\"http:\/\/apartman-slunecna.cz\/wp-content\/gallery\/as\/dsc_0022.jpg\"\n               title=\"\"\n               data-src=\"http:\/\/apartman-slunecna.cz\/wp-content\/gallery\/as\/dsc_0022.jpg\"\n               data-thumbnail=\"http:\/\/apartman-slunecna.cz\/wp-content\/gallery\/as\/thumbs\/thumbs_dsc_0022.jpg\"\n               data-image-id=\"35\"\n               data-title=\"Apartm\u00e1n Slune\u010dn\u00e1\"\n               data-description=\"\"\n               data-image-slug=\"apartman-slunecna-4\"\n               class=\"ngg-fancybox\" rel=\"dbc17a809e46ca121594ff61d50293dc\">\n                <img\n                    title=\"Apartm\u00e1n Slune\u010dn\u00e1\"\n                    alt=\"Apartm\u00e1n Slune\u010dn\u00e1\"\n                    src=\"http:\/\/apartman-slunecna.cz\/wp-content\/gallery\/as\/cache\/dsc_0022.jpg-nggid0235-ngg0dyn-120x90x100-00f0w010c011r110f110r010t010.jpg\"\n                    width=\"120\"\n                    height=\"90\"\n                    style=\"max-width:100%;\"\n                \/>\n            <\/a>\n        <\/div>\n\t\t\t\t\t\t\t<\/div> \n\t\t\t\n                            \n\t\t\t\t<div id=\"ngg-image-6\" class=\"ngg-gallery-thumbnail-box\" >\n\t\t\t\t        <div class=\"ngg-gallery-thumbnail\">\n            <a href=\"http:\/\/apartman-slunecna.cz\/wp-content\/gallery\/as\/dsc_0028.jpg\"\n               title=\"\"\n               data-src=\"http:\/\/apartman-slunecna.cz\/wp-content\/gallery\/as\/dsc_0028.jpg\"\n               data-thumbnail=\"http:\/\/apartman-slunecna.cz\/wp-content\/gallery\/as\/thumbs\/thumbs_dsc_0028.jpg\"\n               data-image-id=\"9\"\n               data-title=\"Apartm\u00e1n Slune\u010dn\u00e1\"\n               data-description=\"\"\n               data-image-slug=\"apartman-slunecna-6\"\n               class=\"ngg-fancybox\" rel=\"dbc17a809e46ca121594ff61d50293dc\">\n                <img\n                    title=\"Apartm\u00e1n Slune\u010dn\u00e1\"\n                    alt=\"Apartm\u00e1n Slune\u010dn\u00e1\"\n                    src=\"http:\/\/apartman-slunecna.cz\/wp-content\/gallery\/as\/cache\/dsc_0028.jpg-nggid019-ngg0dyn-120x90x100-00f0w010c011r110f110r010t010.jpg\"\n                    width=\"120\"\n                    height=\"90\"\n                    style=\"max-width:100%;\"\n                \/>\n            <\/a>\n        <\/div>\n\t\t\t\t\t\t\t<\/div> \n\t\t\t\n                            \n\t\t\t\t<div id=\"ngg-image-7\" class=\"ngg-gallery-thumbnail-box\" >\n\t\t\t\t        <div class=\"ngg-gallery-thumbnail\">\n            <a href=\"http:\/\/apartman-slunecna.cz\/wp-content\/gallery\/as\/dsc_0026.jpg\"\n               title=\"\"\n               data-src=\"http:\/\/apartman-slunecna.cz\/wp-content\/gallery\/as\/dsc_0026.jpg\"\n               data-thumbnail=\"http:\/\/apartman-slunecna.cz\/wp-content\/gallery\/as\/thumbs\/thumbs_dsc_0026.jpg\"\n               data-image-id=\"7\"\n               data-title=\"Apartm\u00e1n Slune\u010dn\u00e1\"\n               data-description=\"\"\n               data-image-slug=\"apartman-slunecna-8\"\n               class=\"ngg-fancybox\" rel=\"dbc17a809e46ca121594ff61d50293dc\">\n                <img\n                    title=\"Apartm\u00e1n Slune\u010dn\u00e1\"\n                    alt=\"Apartm\u00e1n Slune\u010dn\u00e1\"\n                    src=\"http:\/\/apartman-slunecna.cz\/wp-content\/gallery\/as\/cache\/dsc_0026.jpg-nggid017-ngg0dyn-120x90x100-00f0w010c011r110f110r010t010.jpg\"\n                    width=\"120\"\n                    height=\"90\"\n                    style=\"max-width:100%;\"\n                \/>\n            <\/a>\n        <\/div>\n\t\t\t\t\t\t\t<\/div> \n\t\t\t\n                                    <br style=\"clear: both\" \/>\n                    \n\t\t\t\t<div id=\"ngg-image-8\" class=\"ngg-gallery-thumbnail-box\" >\n\t\t\t\t        <div class=\"ngg-gallery-thumbnail\">\n            <a href=\"http:\/\/apartman-slunecna.cz\/wp-content\/gallery\/as\/dsc_0037.jpg\"\n               title=\"\"\n               data-src=\"http:\/\/apartman-slunecna.cz\/wp-content\/gallery\/as\/dsc_0037.jpg\"\n               data-thumbnail=\"http:\/\/apartman-slunecna.cz\/wp-content\/gallery\/as\/thumbs\/thumbs_dsc_0037.jpg\"\n               data-image-id=\"37\"\n               data-title=\"Apartm\u00e1n Slune\u010dn\u00e1\"\n               data-description=\"\"\n               data-image-slug=\"apartman-slunecna-7\"\n               class=\"ngg-fancybox\" rel=\"dbc17a809e46ca121594ff61d50293dc\">\n                <img\n                    title=\"Apartm\u00e1n Slune\u010dn\u00e1\"\n                    alt=\"Apartm\u00e1n Slune\u010dn\u00e1\"\n                    src=\"http:\/\/apartman-slunecna.cz\/wp-content\/gallery\/as\/cache\/dsc_0037.jpg-nggid0237-ngg0dyn-120x90x100-00f0w010c011r110f110r010t010.jpg\"\n                    width=\"120\"\n                    height=\"90\"\n                    style=\"max-width:100%;\"\n                \/>\n            <\/a>\n        <\/div>\n\t\t\t\t\t\t\t<\/div> \n\t\t\t\n                            \n\t\t\t\t<div id=\"ngg-image-9\" class=\"ngg-gallery-thumbnail-box\" >\n\t\t\t\t        <div class=\"ngg-gallery-thumbnail\">\n            <a href=\"http:\/\/apartman-slunecna.cz\/wp-content\/gallery\/as\/dsc_0038.jpg\"\n               title=\"\"\n               data-src=\"http:\/\/apartman-slunecna.cz\/wp-content\/gallery\/as\/dsc_0038.jpg\"\n               data-thumbnail=\"http:\/\/apartman-slunecna.cz\/wp-content\/gallery\/as\/thumbs\/thumbs_dsc_0038.jpg\"\n               data-image-id=\"38\"\n               data-title=\"Apartm\u00e1n Slune\u010dn\u00e1\"\n               data-description=\"\"\n               data-image-slug=\"apartman-slunecna-18\"\n               class=\"ngg-fancybox\" rel=\"dbc17a809e46ca121594ff61d50293dc\">\n                <img\n                    title=\"Apartm\u00e1n Slune\u010dn\u00e1\"\n                    alt=\"Apartm\u00e1n Slune\u010dn\u00e1\"\n                    src=\"http:\/\/apartman-slunecna.cz\/wp-content\/gallery\/as\/cache\/dsc_0038.jpg-nggid0238-ngg0dyn-120x90x100-00f0w010c011r110f110r010t010.jpg\"\n                    width=\"120\"\n                    height=\"90\"\n                    style=\"max-width:100%;\"\n                \/>\n            <\/a>\n        <\/div>\n\t\t\t\t\t\t\t<\/div> \n\t\t\t\n                            \n\t\t\t\t<div id=\"ngg-image-10\" class=\"ngg-gallery-thumbnail-box\" >\n\t\t\t\t        <div class=\"ngg-gallery-thumbnail\">\n            <a href=\"http:\/\/apartman-slunecna.cz\/wp-content\/gallery\/as\/dsc_0004.jpg\"\n               title=\"\"\n               data-src=\"http:\/\/apartman-slunecna.cz\/wp-content\/gallery\/as\/dsc_0004.jpg\"\n               data-thumbnail=\"http:\/\/apartman-slunecna.cz\/wp-content\/gallery\/as\/thumbs\/thumbs_dsc_0004.jpg\"\n               data-image-id=\"17\"\n               data-title=\"Apartm\u00e1n Slune\u010dn\u00e1\"\n               data-description=\"\"\n               data-image-slug=\"apartman-slunecna-9\"\n               class=\"ngg-fancybox\" rel=\"dbc17a809e46ca121594ff61d50293dc\">\n                <img\n                    title=\"Apartm\u00e1n Slune\u010dn\u00e1\"\n                    alt=\"Apartm\u00e1n Slune\u010dn\u00e1\"\n                    src=\"http:\/\/apartman-slunecna.cz\/wp-content\/gallery\/as\/cache\/dsc_0004.jpg-nggid0217-ngg0dyn-120x90x100-00f0w010c011r110f110r010t010.jpg\"\n                    width=\"120\"\n                    height=\"90\"\n                    style=\"max-width:100%;\"\n                \/>\n            <\/a>\n        <\/div>\n\t\t\t\t\t\t\t<\/div> \n\t\t\t\n                            \n\t\t\t\t<div id=\"ngg-image-11\" class=\"ngg-gallery-thumbnail-box\" >\n\t\t\t\t        <div class=\"ngg-gallery-thumbnail\">\n            <a href=\"http:\/\/apartman-slunecna.cz\/wp-content\/gallery\/as\/dsc_0041.jpg\"\n               title=\"\"\n               data-src=\"http:\/\/apartman-slunecna.cz\/wp-content\/gallery\/as\/dsc_0041.jpg\"\n               data-thumbnail=\"http:\/\/apartman-slunecna.cz\/wp-content\/gallery\/as\/thumbs\/thumbs_dsc_0041.jpg\"\n               data-image-id=\"39\"\n               data-title=\"Apartm\u00e1n Slune\u010dn\u00e1\"\n               data-description=\"\"\n               data-image-slug=\"apartman-slunecna-19\"\n               class=\"ngg-fancybox\" rel=\"dbc17a809e46ca121594ff61d50293dc\">\n                <img\n                    title=\"Apartm\u00e1n Slune\u010dn\u00e1\"\n                    alt=\"Apartm\u00e1n Slune\u010dn\u00e1\"\n                    src=\"http:\/\/apartman-slunecna.cz\/wp-content\/gallery\/as\/cache\/dsc_0041.jpg-nggid0239-ngg0dyn-120x90x100-00f0w010c011r110f110r010t010.jpg\"\n                    width=\"120\"\n                    height=\"90\"\n                    style=\"max-width:100%;\"\n                \/>\n            <\/a>\n        <\/div>\n\t\t\t\t\t\t\t<\/div> \n\t\t\t\n                                    <br style=\"clear: both\" \/>\n                    \n\t\t\t\t<div id=\"ngg-image-12\" class=\"ngg-gallery-thumbnail-box\" >\n\t\t\t\t        <div class=\"ngg-gallery-thumbnail\">\n            <a href=\"http:\/\/apartman-slunecna.cz\/wp-content\/gallery\/as\/21042007241.jpg\"\n               title=\"\"\n               data-src=\"http:\/\/apartman-slunecna.cz\/wp-content\/gallery\/as\/21042007241.jpg\"\n               data-thumbnail=\"http:\/\/apartman-slunecna.cz\/wp-content\/gallery\/as\/thumbs\/thumbs_21042007241.jpg\"\n               data-image-id=\"36\"\n               data-title=\"Apartm\u00e1n Slune\u010dn\u00e1\"\n               data-description=\"\"\n               data-image-slug=\"apartman-slunecna-25\"\n               class=\"ngg-fancybox\" rel=\"dbc17a809e46ca121594ff61d50293dc\">\n                <img\n                    title=\"Apartm\u00e1n Slune\u010dn\u00e1\"\n                    alt=\"Apartm\u00e1n Slune\u010dn\u00e1\"\n                    src=\"http:\/\/apartman-slunecna.cz\/wp-content\/gallery\/as\/cache\/21042007241.jpg-nggid0236-ngg0dyn-120x90x100-00f0w010c011r110f110r010t010.jpg\"\n                    width=\"120\"\n                    height=\"90\"\n                    style=\"max-width:100%;\"\n                \/>\n            <\/a>\n        <\/div>\n\t\t\t\t\t\t\t<\/div> \n\t\t\t\n                            \n\t\t\t\t<div id=\"ngg-image-13\" class=\"ngg-gallery-thumbnail-box\" >\n\t\t\t\t        <div class=\"ngg-gallery-thumbnail\">\n            <a href=\"http:\/\/apartman-slunecna.cz\/wp-content\/gallery\/as\/dsc_0010.jpg\"\n               title=\"\"\n               data-src=\"http:\/\/apartman-slunecna.cz\/wp-content\/gallery\/as\/dsc_0010.jpg\"\n               data-thumbnail=\"http:\/\/apartman-slunecna.cz\/wp-content\/gallery\/as\/thumbs\/thumbs_dsc_0010.jpg\"\n               data-image-id=\"23\"\n               data-title=\"Apartm\u00e1n Slune\u010dn\u00e1\"\n               data-description=\"\"\n               data-image-slug=\"apartman-slunecna-12\"\n               class=\"ngg-fancybox\" rel=\"dbc17a809e46ca121594ff61d50293dc\">\n                <img\n                    title=\"Apartm\u00e1n Slune\u010dn\u00e1\"\n                    alt=\"Apartm\u00e1n Slune\u010dn\u00e1\"\n                    src=\"http:\/\/apartman-slunecna.cz\/wp-content\/gallery\/as\/cache\/dsc_0010.jpg-nggid0223-ngg0dyn-120x90x100-00f0w010c011r110f110r010t010.jpg\"\n                    width=\"120\"\n                    height=\"90\"\n                    style=\"max-width:100%;\"\n                \/>\n            <\/a>\n        <\/div>\n\t\t\t\t\t\t\t<\/div> \n\t\t\t\n                            \n\t\t\t\t<div id=\"ngg-image-14\" class=\"ngg-gallery-thumbnail-box\" >\n\t\t\t\t        <div class=\"ngg-gallery-thumbnail\">\n            <a href=\"http:\/\/apartman-slunecna.cz\/wp-content\/gallery\/as\/dsc_0012.jpg\"\n               title=\"\"\n               data-src=\"http:\/\/apartman-slunecna.cz\/wp-content\/gallery\/as\/dsc_0012.jpg\"\n               data-thumbnail=\"http:\/\/apartman-slunecna.cz\/wp-content\/gallery\/as\/thumbs\/thumbs_dsc_0012.jpg\"\n               data-image-id=\"25\"\n               data-title=\"Apartm\u00e1n Slune\u010dn\u00e1\"\n               data-description=\"\"\n               data-image-slug=\"apartman-slunecna-14\"\n               class=\"ngg-fancybox\" rel=\"dbc17a809e46ca121594ff61d50293dc\">\n                <img\n                    title=\"Apartm\u00e1n Slune\u010dn\u00e1\"\n                    alt=\"Apartm\u00e1n Slune\u010dn\u00e1\"\n                    src=\"http:\/\/apartman-slunecna.cz\/wp-content\/gallery\/as\/cache\/dsc_0012.jpg-nggid0225-ngg0dyn-120x90x100-00f0w010c011r110f110r010t010.jpg\"\n                    width=\"120\"\n                    height=\"90\"\n                    style=\"max-width:100%;\"\n                \/>\n            <\/a>\n        <\/div>\n\t\t\t\t\t\t\t<\/div> \n\t\t\t\n                            \n\t\t\t\t<div id=\"ngg-image-15\" class=\"ngg-gallery-thumbnail-box\" >\n\t\t\t\t        <div class=\"ngg-gallery-thumbnail\">\n            <a href=\"http:\/\/apartman-slunecna.cz\/wp-content\/gallery\/as\/dsc_0013.jpg\"\n               title=\"\"\n               data-src=\"http:\/\/apartman-slunecna.cz\/wp-content\/gallery\/as\/dsc_0013.jpg\"\n               data-thumbnail=\"http:\/\/apartman-slunecna.cz\/wp-content\/gallery\/as\/thumbs\/thumbs_dsc_0013.jpg\"\n               data-image-id=\"26\"\n               data-title=\"Apartm\u00e1n Slune\u010dn\u00e1\"\n               data-description=\"\"\n               data-image-slug=\"apartman-slunecna-15\"\n               class=\"ngg-fancybox\" rel=\"dbc17a809e46ca121594ff61d50293dc\">\n                <img\n                    title=\"Apartm\u00e1n Slune\u010dn\u00e1\"\n                    alt=\"Apartm\u00e1n Slune\u010dn\u00e1\"\n                    src=\"http:\/\/apartman-slunecna.cz\/wp-content\/gallery\/as\/cache\/dsc_0013.jpg-nggid0226-ngg0dyn-120x90x100-00f0w010c011r110f110r010t010.jpg\"\n                    width=\"120\"\n                    height=\"90\"\n                    style=\"max-width:100%;\"\n                \/>\n            <\/a>\n        <\/div>\n\t\t\t\t\t\t\t<\/div> \n\t\t\t\n                                    <br style=\"clear: both\" \/>\n                    \n\t\t\t\t<div id=\"ngg-image-16\" class=\"ngg-gallery-thumbnail-box\" >\n\t\t\t\t        <div class=\"ngg-gallery-thumbnail\">\n            <a href=\"http:\/\/apartman-slunecna.cz\/wp-content\/gallery\/as\/07082007046.jpg\"\n               title=\"\"\n               data-src=\"http:\/\/apartman-slunecna.cz\/wp-content\/gallery\/as\/07082007046.jpg\"\n               data-thumbnail=\"http:\/\/apartman-slunecna.cz\/wp-content\/gallery\/as\/thumbs\/thumbs_07082007046.jpg\"\n               data-image-id=\"12\"\n               data-title=\"Apartm\u00e1n Slune\u010dn\u00e1\"\n               data-description=\"\"\n               data-image-slug=\"apartman-slunecna-21\"\n               class=\"ngg-fancybox\" rel=\"dbc17a809e46ca121594ff61d50293dc\">\n                <img\n                    title=\"Apartm\u00e1n Slune\u010dn\u00e1\"\n                    alt=\"Apartm\u00e1n Slune\u010dn\u00e1\"\n                    src=\"http:\/\/apartman-slunecna.cz\/wp-content\/gallery\/as\/cache\/07082007046.jpg-nggid0212-ngg0dyn-120x90x100-00f0w010c011r110f110r010t010.jpg\"\n                    width=\"120\"\n                    height=\"90\"\n                    style=\"max-width:100%;\"\n                \/>\n            <\/a>\n        <\/div>\n\t\t\t\t\t\t\t<\/div> \n\t\t\t\n                            \n\t\t\t\t<div id=\"ngg-image-17\" class=\"ngg-gallery-thumbnail-box\" >\n\t\t\t\t        <div class=\"ngg-gallery-thumbnail\">\n            <a href=\"http:\/\/apartman-slunecna.cz\/wp-content\/gallery\/as\/dsc_0019.jpg\"\n               title=\"\"\n               data-src=\"http:\/\/apartman-slunecna.cz\/wp-content\/gallery\/as\/dsc_0019.jpg\"\n               data-thumbnail=\"http:\/\/apartman-slunecna.cz\/wp-content\/gallery\/as\/thumbs\/thumbs_dsc_0019.jpg\"\n               data-image-id=\"1\"\n               data-title=\"Apartm\u00e1n Slune\u010dn\u00e1\"\n               data-description=\"\"\n               data-image-slug=\"apartman-slunecna-16\"\n               class=\"ngg-fancybox\" rel=\"dbc17a809e46ca121594ff61d50293dc\">\n                <img\n                    title=\"Apartm\u00e1n Slune\u010dn\u00e1\"\n                    alt=\"Apartm\u00e1n Slune\u010dn\u00e1\"\n                    src=\"http:\/\/apartman-slunecna.cz\/wp-content\/gallery\/as\/cache\/dsc_0019.jpg-nggid011-ngg0dyn-120x90x100-00f0w010c011r110f110r010t010.jpg\"\n                    width=\"120\"\n                    height=\"90\"\n                    style=\"max-width:100%;\"\n                \/>\n            <\/a>\n        <\/div>\n\t\t\t\t\t\t\t<\/div> \n\t\t\t\n                            \n\t\t\t\t<div id=\"ngg-image-18\" class=\"ngg-gallery-thumbnail-box\" >\n\t\t\t\t        <div class=\"ngg-gallery-thumbnail\">\n            <a href=\"http:\/\/apartman-slunecna.cz\/wp-content\/gallery\/as\/14112007063.jpg\"\n               title=\"\"\n               data-src=\"http:\/\/apartman-slunecna.cz\/wp-content\/gallery\/as\/14112007063.jpg\"\n               data-thumbnail=\"http:\/\/apartman-slunecna.cz\/wp-content\/gallery\/as\/thumbs\/thumbs_14112007063.jpg\"\n               data-image-id=\"13\"\n               data-title=\"Apartm\u00e1n Slune\u010dn\u00e1\"\n               data-description=\"\"\n               data-image-slug=\"apartman-slunecna-17\"\n               class=\"ngg-fancybox\" rel=\"dbc17a809e46ca121594ff61d50293dc\">\n                <img\n                    title=\"Apartm\u00e1n Slune\u010dn\u00e1\"\n                    alt=\"Apartm\u00e1n Slune\u010dn\u00e1\"\n                    src=\"http:\/\/apartman-slunecna.cz\/wp-content\/gallery\/as\/cache\/14112007063.jpg-nggid0213-ngg0dyn-120x90x100-00f0w010c011r110f110r010t010.jpg\"\n                    width=\"120\"\n                    height=\"90\"\n                    style=\"max-width:100%;\"\n                \/>\n            <\/a>\n        <\/div>\n\t\t\t\t\t\t\t<\/div> \n\t\t\t\n                            \n\t\t\n\t\t<!-- Pagination -->\n\t<div class='ngg-clear'><\/div>\t<\/div>\n\n","protected":false},"excerpt":{"rendered":"","protected":false},"author":1,"featured_media":0,"parent":0,"menu_order":2,"comment_status":"closed","ping_status":"closed","template":"","meta":{"ngg_post_thumbnail":0},"_links":{"self":[{"href":"http:\/\/apartman-slunecna.cz\/index.php?rest_route=\/wp\/v2\/pages\/41"}],"collection":[{"href":"http:\/\/apartman-slunecna.cz\/index.php?rest_route=\/wp\/v2\/pages"}],"about":[{"href":"http:\/\/apartman-slunecna.cz\/index.php?rest_route=\/wp\/v2\/types\/page"}],"author":[{"embeddable":true,"href":"http:\/\/apartman-slunecna.cz\/index.php?rest_route=\/wp\/v2\/users\/1"}],"replies":[{"embeddable":true,"href":"http:\/\/apartman-slunecna.cz\/index.php?rest_route=%2Fwp%2Fv2%2Fcomments&post=41"}],"version-history":[{"count":17,"href":"http:\/\/apartman-slunecna.cz\/index.php?rest_route=\/wp\/v2\/pages\/41\/revisions"}],"predecessor-version":[{"id":246,"href":"http:\/\/apartman-slunecna.cz\/index.php?rest_route=\/wp\/v2\/pages\/41\/revisions\/246"}],"wp:attachment":[{"href":"http:\/\/apartman-slunecna.cz\/index.php?rest_route=%2Fwp%2Fv2%2Fmedia&parent=41"}],"curies":[{"name":"wp","href":"https:\/\/api.w.org\/{rel}","templated":true}]}}