{"id":31,"date":"2013-10-23T21:49:51","date_gmt":"2013-10-23T19:49:51","guid":{"rendered":"http:\/\/apartman-slunecna.cz\/?page_id=31"},"modified":"2023-10-13T17:58:55","modified_gmt":"2023-10-13T15:58:55","slug":"penzion","status":"publish","type":"page","link":"http:\/\/apartman-slunecna.cz\/","title":{"rendered":"Penzion"},"content":{"rendered":"<p>Apartm\u00e1ny Slune\u010dn\u00e1 se nach\u00e1zej\u00ed v Podkrkono\u0161\u00ed v malebn\u00e9 obci Mlad\u00e9 Buky a nab\u00edz\u00ed \u00fatuln\u00e9 ubytov\u00e1n\u00ed v klidn\u00e9m rodinn\u00e9m prost\u0159ed\u00ed. V\u00fdhodou je strategick\u00e9 um\u00edst\u011bn\u00ed apartm\u00e1nu, kter\u00e9 nab\u00edz\u00ed n\u00e1v\u0161t\u011bvn\u00edk\u016fm spoustu mo\u017enost\u00ed aktivit pro vyu\u017eit\u00ed voln\u00e9ho \u010dasu.<\/p>\n<p>P\u0159\u00edmo z oken apartm\u00e1n\u016f dohl\u00e9dnete na bl\u00edzk\u00fd ly\u017ea\u0159sk\u00fd are\u00e1l, kter\u00fd krom\u011b 7 km sjezdovek nab\u00edz\u00ed tak\u00e9 snowpark \u010di bobovou dr\u00e1hu. Necel\u00fdch 10 minut cesty autem V\u00e1s d\u011bl\u00ed od okresn\u00edho m\u011bsta Trutnov, kter\u00e9 pot\u011b\u0161\u00ed p\u0159\u00edznivce kulturn\u00edho vy\u017eit\u00ed i obdivovatele jak historick\u00fdch, tak p\u0159\u00edrodn\u00edch kr\u00e1s. V bl\u00edzkosti Mlad\u00fdch Buk\u016f je l\u00e1ze\u0148sk\u00e9 m\u011bsto s jedn\u00edm z nejl\u00e9pe hodnocen\u00fdch ly\u017ea\u0159sk\u00fdch st\u0159edisek &#8211; J\u00e1nsk\u00e9 L\u00e1zn\u011b a jen o n\u011bco d\u00e1le najdeme horsk\u00e9 m\u011bsto Pec pod Sn\u011b\u017ekou \u010di kouzelnou obec \u010cern\u00fd D\u016fl. Tato m\u00edsta i mnoho dal\u0161\u00edho z nab\u00eddky Krkono\u0161sk\u00e9ho kraje jsou celoro\u010dn\u011b velk\u00fdm l\u00e1kadlem i pro ty nejn\u00e1ro\u010dn\u011bj\u0161\u00ed turisty.<\/p>\n<p>Jeden Apartm\u00e1n nab\u00edz\u00ed ubytov\u00e1n\u00ed pro 4 osoby, k dispozici je m\u00edstnost s TV, vybaven\u00e1 kuchy\u0148 (lednice, va\u0159i\u010d, mikrovlnn\u00e1 trouba, rychlovarn\u00e1 konvice), &nbsp;koupelna se sprchov\u00fdm koutem a odd\u011blen\u00e9 WC.<\/p>\n<p>Druh\u00fd Apartm\u00e1n je v\u011bt\u0161\u00ed se samostatnou lo\u017enic\u00ed a nab\u00edz\u00ed ubytov\u00e1n\u00ed pro 4 osoby. K dispozici je ob\u00fdvac\u00ed pokoj s TV, kuchy\u0148skou linkou (sklokeramick\u00e1 varn\u00e1 deska, horkovzdu\u0161n\u00e1 trouba, mikrovlnn\u00e1 trouba, digesto\u0159, rychlovarn\u00e1 konvice, toustova\u010d a kompletn\u00ed vybaven\u00ed pro va\u0159en\u00ed i stolov\u00e1n\u00ed), j\u00eddeln\u00edm koutem a d\u00e1le p\u0159eds\u00ed\u0148, koupelna se sprchov\u00fdm koutem, WC, pra\u010dkou a umyvadlem a samostatn\u00e1 lo\u017enice.<\/p>\n<p>Ka\u017ed\u00fd apartm\u00e1n m\u00e1 samostatn\u00fd vstup. Parkovat lze p\u0159\u00edmo u objektu. Po dohod\u011b s majitelem lze vyu\u017e\u00edt zahradu s baz\u00e9nem, pingpongov\u00fd st\u016fl a pergolu s mo\u017enost\u00ed grilov\u00e1n\u00ed.<\/p>\n<p>Apartm\u00e1n Slune\u010dn\u00e1 je ide\u00e1ln\u00ed volbou pro v\u0161echny, kte\u0159\u00ed hledaj\u00ed klidn\u00e9 a p\u011bkn\u00e9 ubytov\u00e1n\u00ed za rozumnou cenu.<\/p>\n<p>V\u00edce na: <a href=\"https:\/\/www.megaubytko.cz\/apartmany-slunecna\" target=\"_blank\" rel=\"noopener noreferrer\">https:\/\/www.megaubytko.cz\/apartmany-slunecna<\/a><\/p>\n<p>Tou\u017e\u00edte po p\u0159\u00edjemn\u00e9 dovolen\u00e9 v kruhu bl\u00edzk\u00fdch v Podkrkono\u0161\u00edch, na\u0161e&nbsp;<a href=\"https:\/\/www.megaubytko.cz\/apartmany\" target=\"_blank\" rel=\"noopener noreferrer\" data-saferedirecturl=\"https:\/\/www.google.com\/url?q=https:\/\/www.megaubytko.cz\/apartmany&amp;source=gmail&amp;ust=1606498982396000&amp;usg=AFQjCNHUAcqSehEhPffYFdArdRh2Gh5Llg\">apartm\u00e1ny<\/a>&nbsp;jsou pro V\u00e1s t\u00edm spr\u00e1vn\u00fdm rozhodnut\u00edm. Partnersk\u00fd web MegaUbytko n\u00e1s doporu\u010duje na str\u00e1nce&nbsp;<a href=\"https:\/\/www.megaubytko.cz\/mlade-buky\" target=\"_blank\" rel=\"noopener noreferrer\" data-saferedirecturl=\"https:\/\/www.google.com\/url?q=https:\/\/www.megaubytko.cz\/mlade-buky&amp;source=gmail&amp;ust=1606498982396000&amp;usg=AFQjCNHwLja1T0QWD7_kk9Sof7yEWD2d6Q\">ubytov\u00e1n\u00ed Mlad\u00e9 Buky<\/a>&nbsp;a&nbsp;<a href=\"https:\/\/www.megaubytko.cz\/krkonose\" target=\"_blank\" rel=\"noopener noreferrer\" data-saferedirecturl=\"https:\/\/www.google.com\/url?q=https:\/\/www.megaubytko.cz\/krkonose&amp;source=gmail&amp;ust=1606498982397000&amp;usg=AFQjCNHX2HAJcBlj5pFryeDfA0n33Hw5FA\">ubytov\u00e1n\u00ed Krkono\u0161e<\/a>. P\u0159ij\u010fte si u\u017e\u00edt voln\u00fd \u010das a a rodinnou atmosf\u00e9ru. T\u011b\u0161\u00edme se na Va\u0161i n\u00e1v\u0161t\u011bvu!<\/p>\n<p><iframe src=\"https:\/\/www.megaubytko.cz\/Home\/GetCalendarIframe?Id=6662&amp;columns=3&amp;rows=3&amp;language=cs&amp;color=244,162,55,1&amp;origin=cs&amp;bgColor=255,255,255,0&amp;zoom=zoomHundred&amp;auIdFromTab=undefined\" width=\"885px\" height=\"1050px\" frameborder=\"0\" scrolling=\"no\"><\/iframe><\/p>\n\n\n<p><\/p>\n","protected":false},"excerpt":{"rendered":"<p>Apartm\u00e1ny Slune\u010dn\u00e1 se nach\u00e1zej\u00ed v Podkrkono\u0161\u00ed v malebn\u00e9 obci Mlad\u00e9 Buky a nab\u00edz\u00ed \u00fatuln\u00e9 ubytov\u00e1n\u00ed v klidn\u00e9m rodinn\u00e9m prost\u0159ed\u00ed. V\u00fdhodou je strategick\u00e9 um\u00edst\u011bn\u00ed apartm\u00e1nu, kter\u00e9 nab\u00edz\u00ed n\u00e1v\u0161t\u011bvn\u00edk\u016fm spoustu mo\u017enost\u00ed aktivit pro vyu\u017eit\u00ed voln\u00e9ho \u010dasu. P\u0159\u00edmo z oken apartm\u00e1n\u016f dohl\u00e9dnete na bl\u00edzk\u00fd ly\u017ea\u0159sk\u00fd are\u00e1l, kter\u00fd krom\u011b 7 km sjezdovek nab\u00edz\u00ed tak\u00e9 snowpark \u010di bobovou dr\u00e1hu. Necel\u00fdch [&hellip;]<\/p>\n","protected":false},"author":1,"featured_media":0,"parent":0,"menu_order":0,"comment_status":"closed","ping_status":"closed","template":"","meta":{"ngg_post_thumbnail":0},"_links":{"self":[{"href":"http:\/\/apartman-slunecna.cz\/index.php?rest_route=\/wp\/v2\/pages\/31"}],"collection":[{"href":"http:\/\/apartman-slunecna.cz\/index.php?rest_route=\/wp\/v2\/pages"}],"about":[{"href":"http:\/\/apartman-slunecna.cz\/index.php?rest_route=\/wp\/v2\/types\/page"}],"author":[{"embeddable":true,"href":"http:\/\/apartman-slunecna.cz\/index.php?rest_route=\/wp\/v2\/users\/1"}],"replies":[{"embeddable":true,"href":"http:\/\/apartman-slunecna.cz\/index.php?rest_route=%2Fwp%2Fv2%2Fcomments&post=31"}],"version-history":[{"count":32,"href":"http:\/\/apartman-slunecna.cz\/index.php?rest_route=\/wp\/v2\/pages\/31\/revisions"}],"predecessor-version":[{"id":381,"href":"http:\/\/apartman-slunecna.cz\/index.php?rest_route=\/wp\/v2\/pages\/31\/revisions\/381"}],"wp:attachment":[{"href":"http:\/\/apartman-slunecna.cz\/index.php?rest_route=%2Fwp%2Fv2%2Fmedia&parent=31"}],"curies":[{"name":"wp","href":"https:\/\/api.w.org\/{rel}","templated":true}]}}